{"id":270,"date":"2024-08-02T05:52:18","date_gmt":"2024-08-02T05:52:18","guid":{"rendered":"https:\/\/nordicstories.eu\/?page_id=270"},"modified":"2025-01-22T14:26:09","modified_gmt":"2025-01-22T14:26:09","slug":"graphic-design","status":"publish","type":"page","link":"https:\/\/nordicstories.eu\/sv\/graphic-design\/","title":{"rendered":"Design Stories"},"content":{"rendered":"\n<h2 class=\"wp-block-heading has-text-align-center has-tertiary-color has-text-color has-link-color has-large-font-size wp-elements-98bf54f3ad45a4dec7362a3c411ba5e6\">Design Stories<\/h2>\n\n\n\n<figure class=\"wp-block-image aligncenter size-medium\"><img loading=\"lazy\" decoding=\"async\" width=\"300\" height=\"33\" src=\"https:\/\/nordicstories.eu\/wp-content\/uploads\/2024\/08\/div_grey-300x33.png\" alt=\"\" class=\"wp-image-227\" srcset=\"https:\/\/nordicstories.eu\/wp-content\/uploads\/2024\/08\/div_grey-300x33.png 300w, https:\/\/nordicstories.eu\/wp-content\/uploads\/2024\/08\/div_grey.png 775w\" sizes=\"auto, (max-width: 300px) 100vw, 300px\" \/><\/figure>\n\n\n\n<div class=\"wp-block-columns is-layout-flex wp-container-core-columns-is-layout-28f84493 wp-block-columns-is-layout-flex\">\n<div class=\"wp-block-column is-layout-flow wp-block-column-is-layout-flow\">\n<p>Letar du efter visuella element som f\u00e5ngar essensen av ditt varum\u00e4rke och fascinerar din publik? S\u00f6k inte vidare!<\/p>\n\n\n\n<p>Fr\u00e5n \u00f6gonf\u00e5ngande logotyper och eleganta visitkort till fantastiska broschyrer, kataloger och flygblad \u2013 vi har allt du beh\u00f6ver. Beh\u00f6ver du v\u00e4gvisningsskyltar, informationsskyltar eller en framst\u00e5ende webbplats? Det g\u00f6r vi ocks\u00e5!<\/p>\n\n\n\n<p>Dela din vision med oss, s\u00e5 skapar vi den perfekta l\u00f6sningen f\u00f6r dig. L\u00e5t oss skapa n\u00e5got fantastiskt tillsammans!<\/p>\n<\/div>\n<\/div>\n\n\n\n<figure class=\"wp-block-image alignwide size-full\"><img loading=\"lazy\" decoding=\"async\" width=\"2312\" height=\"1006\" src=\"https:\/\/nordicstories.eu\/wp-content\/uploads\/2024\/08\/Screenshot-2024-08-17-at-16.14.00.png\" alt=\"\" class=\"wp-image-781\" srcset=\"https:\/\/nordicstories.eu\/wp-content\/uploads\/2024\/08\/Screenshot-2024-08-17-at-16.14.00.png 2312w, https:\/\/nordicstories.eu\/wp-content\/uploads\/2024\/08\/Screenshot-2024-08-17-at-16.14.00-300x131.png 300w, https:\/\/nordicstories.eu\/wp-content\/uploads\/2024\/08\/Screenshot-2024-08-17-at-16.14.00-1024x446.png 1024w, https:\/\/nordicstories.eu\/wp-content\/uploads\/2024\/08\/Screenshot-2024-08-17-at-16.14.00-2000x870.png 2000w\" sizes=\"auto, (max-width: 2312px) 100vw, 2312px\" \/><\/figure>\n\n\n\n<h2 class=\"wp-block-heading has-text-align-right has-tertiary-color has-text-color has-link-color wp-elements-039363c223bb71e479fbf36cfecffe12\"><a href=\"https:\/\/nordicstories.eu\/contact\/\" title=\"Contact\">Kontakt<\/a><\/h2>\n\n\n<p>","protected":false},"excerpt":{"rendered":"<p>Design Stories Letar du efter visuella element som f\u00e5ngar essensen av ditt varum\u00e4rke och fascinerar din publik? S\u00f6k inte vidare! Fr\u00e5n \u00f6gonf\u00e5ngande logotyper och eleganta visitkort till fantastiska broschyrer, kataloger och flygblad \u2013 vi har allt du beh\u00f6ver. Beh\u00f6ver du v\u00e4gvisningsskyltar, informationsskyltar eller en framst\u00e5ende webbplats? Det g\u00f6r vi ocks\u00e5! Dela din vision med oss, &hellip; <\/p>\n<p class=\"link-more\"><a href=\"https:\/\/nordicstories.eu\/sv\/graphic-design\/\" class=\"more-link\">Read more<span class=\"screen-reader-text\"> &#8220;Design Stories&#8221;<\/span><\/a><\/p>\n","protected":false},"author":1,"featured_media":0,"parent":0,"menu_order":0,"comment_status":"closed","ping_status":"closed","template":"page-templates\/no-title.php","meta":{"_monsterinsights_skip_tracking":false,"_monsterinsights_sitenote_active":false,"_monsterinsights_sitenote_note":"","_monsterinsights_sitenote_category":0,"_uf_show_specific_survey":0,"_uf_disable_surveys":false,"inspiro_hide_title":false,"footnotes":""},"class_list":["post-270","page","type-page","status-publish","hentry"],"translation":{"provider":"WPGlobus","version":"3.0.2","language":"sv","enabled_languages":["ee","gb","sv"],"languages":{"ee":{"title":true,"content":true,"excerpt":false},"gb":{"title":false,"content":true,"excerpt":false},"sv":{"title":true,"content":true,"excerpt":false}}},"aioseo_notices":[],"featured_media_urls":[],"_links":{"self":[{"href":"https:\/\/nordicstories.eu\/sv\/wp-json\/wp\/v2\/pages\/270","targetHints":{"allow":["GET"]}}],"collection":[{"href":"https:\/\/nordicstories.eu\/sv\/wp-json\/wp\/v2\/pages"}],"about":[{"href":"https:\/\/nordicstories.eu\/sv\/wp-json\/wp\/v2\/types\/page"}],"author":[{"embeddable":true,"href":"https:\/\/nordicstories.eu\/sv\/wp-json\/wp\/v2\/users\/1"}],"replies":[{"embeddable":true,"href":"https:\/\/nordicstories.eu\/sv\/wp-json\/wp\/v2\/comments?post=270"}],"version-history":[{"count":36,"href":"https:\/\/nordicstories.eu\/sv\/wp-json\/wp\/v2\/pages\/270\/revisions"}],"predecessor-version":[{"id":849,"href":"https:\/\/nordicstories.eu\/sv\/wp-json\/wp\/v2\/pages\/270\/revisions\/849"}],"wp:attachment":[{"href":"https:\/\/nordicstories.eu\/sv\/wp-json\/wp\/v2\/media?parent=270"}],"curies":[{"name":"wp","href":"https:\/\/api.w.org\/{rel}","templated":true}]}}