{"id":362,"date":"2024-08-02T10:13:25","date_gmt":"2024-08-02T10:13:25","guid":{"rendered":"https:\/\/nordicstories.eu\/?page_id=362"},"modified":"2026-02-20T08:59:30","modified_gmt":"2026-02-20T08:59:30","slug":"translation","status":"publish","type":"page","link":"https:\/\/nordicstories.eu\/sv\/translation\/","title":{"rendered":"\u00d6vers\u00e4ttning"},"content":{"rendered":"\n<h2 class=\"wp-block-heading has-text-align-center has-tertiary-color has-text-color has-link-color has-large-font-size wp-elements-816a7642997280919601d627197b55fe\">Translation Stories<\/h2>\n\n\n\n<figure class=\"wp-block-image aligncenter size-medium\"><img loading=\"lazy\" decoding=\"async\" width=\"300\" height=\"33\" src=\"https:\/\/nordicstories.eu\/wp-content\/uploads\/2024\/08\/div_grey-300x33.png\" alt=\"\" class=\"wp-image-227\" srcset=\"https:\/\/nordicstories.eu\/wp-content\/uploads\/2024\/08\/div_grey-300x33.png 300w, https:\/\/nordicstories.eu\/wp-content\/uploads\/2024\/08\/div_grey.png 775w\" sizes=\"auto, (max-width: 300px) 100vw, 300px\" \/><\/figure>\n\n\n\n<div class=\"wp-block-columns alignwide are-vertically-aligned-center is-layout-flex wp-container-core-columns-is-layout-08c01c1c wp-block-columns-is-layout-flex\">\n<div class=\"wp-block-column is-vertically-aligned-center is-layout-flow wp-block-column-is-layout-flow\">\n<p>\u00d6vers\u00e4ttning \u00e4r en sann njutning f\u00f6r spr\u00e5k\u00e4lskare. Ibland tar det l\u00e5ng tid att hitta det perfekta ordet, men n\u00e4r det \u00e4ntligen uppenbarar sig \u00e4r det som att l\u00f6sa ett pussel eller ett korsord \u2013 en k\u00e4nsla av gl\u00e4dje och tillfredsst\u00e4llelse.<\/p>\n\n\n\n<p>NORDIC STORIES erbjuder \u00f6vers\u00e4ttningstj\u00e4nster med en djup f\u00f6rst\u00e5else f\u00f6r de skandinaviska spr\u00e5ken och kulturerna. Med m\u00e5nga \u00e5rs erfarenhet och en passionerad h\u00e4ngivenhet till spr\u00e5klig perfektion \u00e4r vi specialiserade p\u00e5 att \u00f6vers\u00e4tta fr\u00e5n svenska, danska och norska till estniska.<\/p>\n\n\n\n<p>Oavsett om du beh\u00f6ver litter\u00e4ra \u00f6vers\u00e4ttningar, aff\u00e4rsdokument, juridiska texter eller webbinneh\u00e5ll, garanterar vi att ditt budskap f\u00f6rmedlas exakt och elegant.<\/p>\n<\/div>\n<\/div>\n\n\n\n<figure class=\"wp-block-image aligncenter size-large is-resized\"><img loading=\"lazy\" decoding=\"async\" width=\"1024\" height=\"298\" src=\"https:\/\/nordicstories.eu\/wp-content\/uploads\/2024\/08\/1844-calender-1024x298.png\" alt=\"\" class=\"wp-image-387\" style=\"width:811px;height:auto\" srcset=\"https:\/\/nordicstories.eu\/wp-content\/uploads\/2024\/08\/1844-calender-1024x298.png 1024w, https:\/\/nordicstories.eu\/wp-content\/uploads\/2024\/08\/1844-calender-300x87.png 300w, https:\/\/nordicstories.eu\/wp-content\/uploads\/2024\/08\/1844-calender.png 1200w\" sizes=\"auto, (max-width: 1024px) 100vw, 1024px\" \/><figcaption class=\"wp-element-caption\">Rimstav funnen i Nuck\u00f6, fr\u00e5n \u00e5r 1844<\/figcaption><\/figure>\n\n\n\n<h2 class=\"wp-block-heading has-text-align-right has-tertiary-color has-text-color has-link-color wp-elements-039363c223bb71e479fbf36cfecffe12\"><a href=\"https:\/\/nordicstories.eu\/contact\/\" title=\"Contact\">Kontakt<\/a><\/h2>\n","protected":false},"excerpt":{"rendered":"<p>Translation Stories \u00d6vers\u00e4ttning \u00e4r en sann njutning f\u00f6r spr\u00e5k\u00e4lskare. Ibland tar det l\u00e5ng tid att hitta det perfekta ordet, men n\u00e4r det \u00e4ntligen uppenbarar sig \u00e4r det som att l\u00f6sa ett pussel eller ett korsord \u2013 en k\u00e4nsla av gl\u00e4dje och tillfredsst\u00e4llelse. NORDIC STORIES erbjuder \u00f6vers\u00e4ttningstj\u00e4nster med en djup f\u00f6rst\u00e5else f\u00f6r de skandinaviska spr\u00e5ken och &hellip; <\/p>\n<p class=\"link-more\"><a href=\"https:\/\/nordicstories.eu\/sv\/translation\/\" class=\"more-link\">Read more<span class=\"screen-reader-text\"> &#8220;\u00d6vers\u00e4ttning&#8221;<\/span><\/a><\/p>\n","protected":false},"author":1,"featured_media":0,"parent":0,"menu_order":0,"comment_status":"closed","ping_status":"closed","template":"page-templates\/no-title.php","meta":{"_monsterinsights_skip_tracking":false,"_monsterinsights_sitenote_active":false,"_monsterinsights_sitenote_note":"","_monsterinsights_sitenote_category":0,"_uf_show_specific_survey":0,"_uf_disable_surveys":false,"inspiro_hide_title":false,"footnotes":""},"class_list":["post-362","page","type-page","status-publish","hentry"],"translation":{"provider":"WPGlobus","version":"3.0.2","language":"sv","enabled_languages":["ee","gb","sv"],"languages":{"ee":{"title":true,"content":true,"excerpt":false},"gb":{"title":false,"content":true,"excerpt":false},"sv":{"title":true,"content":true,"excerpt":false}}},"aioseo_notices":[],"featured_media_urls":[],"_links":{"self":[{"href":"https:\/\/nordicstories.eu\/sv\/wp-json\/wp\/v2\/pages\/362","targetHints":{"allow":["GET"]}}],"collection":[{"href":"https:\/\/nordicstories.eu\/sv\/wp-json\/wp\/v2\/pages"}],"about":[{"href":"https:\/\/nordicstories.eu\/sv\/wp-json\/wp\/v2\/types\/page"}],"author":[{"embeddable":true,"href":"https:\/\/nordicstories.eu\/sv\/wp-json\/wp\/v2\/users\/1"}],"replies":[{"embeddable":true,"href":"https:\/\/nordicstories.eu\/sv\/wp-json\/wp\/v2\/comments?post=362"}],"version-history":[{"count":34,"href":"https:\/\/nordicstories.eu\/sv\/wp-json\/wp\/v2\/pages\/362\/revisions"}],"predecessor-version":[{"id":894,"href":"https:\/\/nordicstories.eu\/sv\/wp-json\/wp\/v2\/pages\/362\/revisions\/894"}],"wp:attachment":[{"href":"https:\/\/nordicstories.eu\/sv\/wp-json\/wp\/v2\/media?parent=362"}],"curies":[{"name":"wp","href":"https:\/\/api.w.org\/{rel}","templated":true}]}}